{"id":1140,"date":"2020-07-24T06:46:36","date_gmt":"2020-07-24T06:46:36","guid":{"rendered":"http:\/\/szarvaskoo.hu\/?page_id=1140"},"modified":"2020-08-21T12:27:25","modified_gmt":"2020-08-21T12:27:25","slug":"felszereltseg","status":"publish","type":"page","link":"http:\/\/szarvaskoo.hu\/en\/felszereltseg\/","title":{"rendered":"Furnishings"},"content":{"rendered":"<h2 id=\"felszereltsegszoveg\" class=\"has-text-align-center ghostkit-custom-1IVB7I\" data-ghostkit-sr=\"fade;delay:500\" style=\"font-family: 'Sanchez', sans-serif;\"><strong>FURNISHINGS<\/strong><\/h2>\n\n\n\n<h2 id=\"szobaleirasszoveg\" class=\"has-text-align-center ghostkit-custom-1IVB7I\" data-ghostkit-sr=\"fade;delay:1000\" style=\"font-family: 'Sanchez', sans-serif;\"><strong>short descriptions of rooms<\/strong><\/h2>\n\n\n\n<div class=\"wp-block-uagb-info-box uagb-infobox__outer-wrap uagb-block-d69cd4b4\"><div class=\"uagb-infobox__content-wrap uagb-infobox uagb-infobox-has-image uagb-infobox-icon-above-title uagb-infobox-image-valign-top uagb-infobox-enable-border-radius\"><div class=\"uagb-ifb-left-right-wrap\"><div class=\"uagb-ifb-content\"><div class=\"uagb-ifb-image-icon-content uagb-ifb-imgicon-wrap\"><div class=\"uagb-ifb-image\"><div class=\"uagb-ifb-image-content\"><img class=\"\" src=\"http:\/\/szarvaskoo.hu\/wp-content\/uploads\/2020\/06\/IMG_7015-1024x683.jpg\" alt=\"\"\/><\/div><\/div><\/div><div class=\"uagb-ifb-title-wrap\"><h3 class=\"uagb-ifb-title\">Honeymoon room<\/h3><\/div><div class=\"uagb-ifb-separator-parent\"><div class=\"uagb-ifb-separator\"><\/div><\/div><div class=\"uagb-ifb-text-wrap\"><p class=\"uagb-ifb-desc\">Spacious, panoramic room with a view to the B\u00fckk National Park, equipped with a 200 cm x 200 cm double bed and a double sofa bed, Mediterranean interior wood paneling, bedside tables, wardrobe, 4 soft blankets for cooler days and a radio. A mosquito net on the windows ensures undisturbed, restful sleep.<\/p><\/div><\/div><\/div><\/div><\/div>\n\n\n\n<div class=\"wp-block-uagb-info-box uagb-infobox__outer-wrap uagb-block-c85fef16\"><div class=\"uagb-infobox__content-wrap uagb-infobox uagb-infobox-has-image uagb-infobox-icon-above-title uagb-infobox-image-valign-top uagb-infobox-enable-border-radius\"><div class=\"uagb-ifb-left-right-wrap\"><div class=\"uagb-ifb-content\"><div class=\"uagb-ifb-image-icon-content uagb-ifb-imgicon-wrap\"><div class=\"uagb-ifb-image\"><div class=\"uagb-ifb-image-content\"><img class=\"\" src=\"http:\/\/szarvaskoo.hu\/wp-content\/uploads\/2020\/06\/IMG_7022-1024x683.jpg\" alt=\"\"\/><\/div><\/div><\/div><div class=\"uagb-ifb-title-wrap\"><h3 class=\"uagb-ifb-title\">N\u00e1rcisz<\/h3><\/div><div class=\"uagb-ifb-separator-parent\"><div class=\"uagb-ifb-separator\"><\/div><\/div><div class=\"uagb-ifb-text-wrap\"><p class=\"uagb-ifb-desc\">Equipped with 180 cm x 200 cm bed, bedside table, wardrobe, reading lamp and with two soft blankets for cooler days. A mosquito net on the windows ensures undisturbed, restful sleep.<\/p><\/div><\/div><\/div><\/div><\/div>\n\n\n\n<div class=\"wp-block-uagb-info-box uagb-infobox__outer-wrap uagb-block-34f7d803\"><div class=\"uagb-infobox__content-wrap uagb-infobox uagb-infobox-has-image uagb-infobox-icon-above-title uagb-infobox-image-valign-top uagb-infobox-enable-border-radius\"><div class=\"uagb-ifb-left-right-wrap\"><div class=\"uagb-ifb-content\"><div class=\"uagb-ifb-image-icon-content uagb-ifb-imgicon-wrap\"><div class=\"uagb-ifb-image\"><div class=\"uagb-ifb-image-content\"><img class=\"\" src=\"http:\/\/szarvaskoo.hu\/wp-content\/uploads\/2020\/06\/IMG_7026-1024x683.jpg\" alt=\"\"\/><\/div><\/div><\/div><div class=\"uagb-ifb-title-wrap\"><h3 class=\"uagb-ifb-title\">B\u00edborka<\/h3><\/div><div class=\"uagb-ifb-separator-parent\"><div class=\"uagb-ifb-separator\"><\/div><\/div><div class=\"uagb-ifb-text-wrap\"><p class=\"uagb-ifb-desc\">Equipped with 180 cm x 200 cm bed, bedside table, wardrobe, reading lamp and with two soft blankets for cooler days. A mosquito net on the windows ensures undisturbed, restful sleep.<\/p><\/div><\/div><\/div><\/div><\/div>\n\n\n\n<div class=\"wp-block-uagb-info-box uagb-infobox__outer-wrap uagb-block-856bbc4c\"><div class=\"uagb-infobox__content-wrap uagb-infobox uagb-infobox-has-image uagb-infobox-icon-above-title uagb-infobox-image-valign-top uagb-infobox-enable-border-radius\"><div class=\"uagb-ifb-left-right-wrap\"><div class=\"uagb-ifb-content\"><div class=\"uagb-ifb-image-icon-content uagb-ifb-imgicon-wrap\"><div class=\"uagb-ifb-image\"><div class=\"uagb-ifb-image-content\"><img class=\"\" src=\"http:\/\/szarvaskoo.hu\/wp-content\/uploads\/2020\/07\/IMG_7031-1-1024x683.jpg\" alt=\"Nappali\"\/><\/div><\/div><\/div><div class=\"uagb-ifb-title-wrap\"><h3 class=\"uagb-ifb-title\">Living room<\/h3><\/div><div class=\"uagb-ifb-separator-parent\"><div class=\"uagb-ifb-separator\"><\/div><\/div><div class=\"uagb-ifb-text-wrap\"><p class=\"uagb-ifb-desc\">Spacious living room with modern pine furniture, storage cabinets, a fireplace, sitting set, flat screen TV, (84 channels) landline telephone, floor lamp and a mosquito net on the window and also at the front door. There are several types of board games and a variety of books for fun and relaxation.<\/p><\/div><\/div><\/div><\/div><\/div>\n\n\n\n<div class=\"wp-block-uagb-info-box uagb-infobox__outer-wrap uagb-block-37140dff\"><div class=\"uagb-infobox__content-wrap uagb-infobox uagb-infobox-has-image uagb-infobox-icon-above-title uagb-infobox-image-valign-top uagb-infobox-enable-border-radius\"><div class=\"uagb-ifb-left-right-wrap\"><div class=\"uagb-ifb-content\"><div class=\"uagb-ifb-image-icon-content uagb-ifb-imgicon-wrap\"><div class=\"uagb-ifb-image\"><div class=\"uagb-ifb-image-content\"><img class=\"\" src=\"http:\/\/szarvaskoo.hu\/wp-content\/uploads\/2020\/07\/IMG_7012-1024x683.jpg\" alt=\"F\u00fcrd\u0151szoba\"\/><\/div><\/div><\/div><div class=\"uagb-ifb-title-wrap\"><h3 class=\"uagb-ifb-title\">Bathroom<\/h3><\/div><div class=\"uagb-ifb-separator-parent\"><div class=\"uagb-ifb-separator\"><\/div><\/div><div class=\"uagb-ifb-text-wrap\"><p class=\"uagb-ifb-desc\">The bathroom has a toilet, washbasin, liquid soap, shower cabin, mirror, storage with shelves, glasses, towel rack, separate washbasin, plastic chair and perfume.<\/p><\/div><\/div><\/div><\/div><\/div>\n\n\n\n<div class=\"wp-block-uagb-info-box uagb-infobox__outer-wrap uagb-block-a296cfb2\"><div class=\"uagb-infobox__content-wrap uagb-infobox uagb-infobox-has-image uagb-infobox-icon-above-title uagb-infobox-image-valign-top uagb-infobox-enable-border-radius\"><div class=\"uagb-ifb-left-right-wrap\"><div class=\"uagb-ifb-content\"><div class=\"uagb-ifb-image-icon-content uagb-ifb-imgicon-wrap\"><div class=\"uagb-ifb-image\"><div class=\"uagb-ifb-image-content\"><img class=\"\" src=\"http:\/\/szarvaskoo.hu\/wp-content\/uploads\/2020\/07\/IMG_7007-1024x683.jpg\" alt=\"Konyha\"\/><\/div><\/div><\/div><div class=\"uagb-ifb-title-wrap\"><h3 class=\"uagb-ifb-title\">Kitchen<\/h3><\/div><div class=\"uagb-ifb-separator-parent\"><div class=\"uagb-ifb-separator\"><\/div><\/div><div class=\"uagb-ifb-text-wrap\"><p class=\"uagb-ifb-desc\">.\u201d The kitchen is spacious and well-equipped: Large refrigerator, coffee maker, kettle, microwave, electric hob, sink, dishes, glasses, bowls, and kitchen utensils. The window is equipped with a mosquito net.<\/p><\/div><\/div><\/div><\/div><\/div>\n\n\n\n<p><\/p>","protected":false},"excerpt":{"rendered":"<p>felszerelts\u00e9g szob\u00e1k \u00e9s r\u00f6vid le\u00edr\u00e1suk<\/p>","protected":false},"author":1,"featured_media":0,"parent":0,"menu_order":0,"comment_status":"closed","ping_status":"closed","template":"","meta":{"ghostkit_customizer_options":"","ghostkit_custom_css":"","ghostkit_custom_js_head":"","ghostkit_custom_js_foot":"","ghostkit_typography":""},"featured_image_urls":{"full":"","thumbnail":"","medium":"","medium_large":"","large":"","1536x1536":"","2048x2048":"","trp-custom-language-flag":"","awb_sm":"","awb_md":"","awb_lg":"","awb_xl":"","latte-blogposts":""},"post_excerpt_stackable":"<p>felszerelts\u00e9g szob\u00e1k \u00e9s r\u00f6vid le\u00edr\u00e1suk N\u00e1szutas szobaT\u00e1gas, B\u00fckkre n\u00e9z\u0151 panor\u00e1m\u00e1s szoba, 200 cm x200 cm francia \u00e1ggyal \u00e9s egy k\u00e9tszem\u00e9lyes hever\u0151vel, mediterr\u00e1n bels\u0151 faburkolattal, \u00e9jjeliszekr\u00e9nyekkel, ruhat\u00e1rol\u00f3 szekr\u00e9nnyel, h\u0171v\u00f6sebb napokra 4 db puha pl\u00e9ddel, valamint r\u00e1di\u00f3val felszerelve. Az ablakokon sz\u00fanyogh\u00e1l\u00f3 biztos\u00edtja a zavartalan, nyugodt alv\u00e1st. N\u00e1rciszEgy darab 180 cm x 200 cm hever\u0151vel, \u00e9jjeliszekr\u00e9nnyel, ruh\u00e1sszekr\u00e9nnyel, olvas\u00f3 l\u00e1mp\u00e1val, h\u0171v\u00f6sebb napokra k\u00e9t darab puha pl\u00e9ddel felszerelve. Az ablakokon sz\u00fanyogh\u00e1l\u00f3 biztos\u00edtja a zavartalan, nyugodt alv\u00e1st. B\u00edborkaEgy darab 180 cm x 200 cm hever\u0151vel, \u00e9jjeliszekr\u00e9nnyel, ruh\u00e1sszekr\u00e9nnyel, olvas\u00f3 l\u00e1mp\u00e1val, h\u0171v\u00f6sebb napokra k\u00e9t darab puha pl\u00e9ddel felszerelve. Az ablakokon sz\u00fanyogh\u00e1l\u00f3 biztos\u00edtja a zavartalan, nyugodt alv\u00e1st. NappaliModern feny\u0151b\u00fatorokkal,&hellip;<\/p>\n","category_list":"","author_info":{"name":"stumpfpeti","url":"http:\/\/szarvaskoo.hu\/en\/author\/stumpfpeti\/"},"comments_num":"0 comments","uagb_featured_image_src":{"full":false,"thumbnail":false,"medium":false,"medium_large":false,"large":false,"1536x1536":false,"2048x2048":false,"trp-custom-language-flag":false,"awb_sm":false,"awb_md":false,"awb_lg":false,"awb_xl":false,"latte-blogposts":false},"uagb_author_info":{"display_name":"stumpfpeti","author_link":"http:\/\/szarvaskoo.hu\/en\/author\/stumpfpeti\/"},"uagb_comment_info":0,"uagb_excerpt":"felszerelts\u00e9g szob\u00e1k \u00e9s r\u00f6vid le\u00edr\u00e1suk","yoast_head":"<!-- This site is optimized with the Yoast SEO plugin v15.8 - https:\/\/yoast.com\/wordpress\/plugins\/seo\/ -->\n<title>Felszerelts\u00e9g - Sz\u00e9r\u0171skert vend\u00e9gh\u00e1z<\/title>\n<meta name=\"description\" content=\"H\u00e1l\u00f3szob\u00e1k, f\u00fcrd\u0151szoba, konyha \u00e9s nappali felszerelts\u00e9ge lehet\u0151s\u00e9get ny\u00fajt a vend\u00e9gnek ahhoz, hogy teljes m\u00e9rt\u00e9kben otthonosan \u00e9rezze mag\u00e1t.\" \/>\n<meta name=\"robots\" content=\"index, follow, max-snippet:-1, max-image-preview:large, max-video-preview:-1\" \/>\n<link rel=\"canonical\" href=\"http:\/\/szarvaskoo.hu\/en\/felszereltseg\/\" \/>\n<meta property=\"og:locale\" content=\"en_GB\" \/>\n<meta property=\"og:type\" content=\"article\" \/>\n<meta property=\"og:title\" content=\"Felszerelts\u00e9g - Sz\u00e9r\u0171skert vend\u00e9gh\u00e1z\" \/>\n<meta property=\"og:description\" content=\"H\u00e1l\u00f3szob\u00e1k, f\u00fcrd\u0151szoba, konyha \u00e9s nappali felszerelts\u00e9ge lehet\u0151s\u00e9get ny\u00fajt a vend\u00e9gnek ahhoz, hogy teljes m\u00e9rt\u00e9kben otthonosan \u00e9rezze mag\u00e1t.\" \/>\n<meta property=\"og:url\" content=\"http:\/\/szarvaskoo.hu\/en\/felszereltseg\/\" \/>\n<meta property=\"og:site_name\" content=\"Sz\u00e9r\u0171skert vend\u00e9gh\u00e1z\" \/>\n<meta property=\"article:modified_time\" content=\"2020-08-21T12:27:25+00:00\" \/>\n<meta property=\"og:image\" content=\"http:\/\/szarvaskoo.hu\/wp-content\/uploads\/2020\/06\/IMG_7015-1024x683.jpg\" \/>\n<meta name=\"twitter:card\" content=\"summary_large_image\" \/>\n<meta name=\"twitter:label1\" content=\"Estimated reading time\">\n\t<meta name=\"twitter:data1\" content=\"2 minutes\">\n<script type=\"application\/ld+json\" class=\"yoast-schema-graph\">{\"@context\":\"https:\/\/schema.org\",\"@graph\":[{\"@type\":\"WebSite\",\"@id\":\"http:\/\/szarvaskoo.hu\/#website\",\"url\":\"http:\/\/szarvaskoo.hu\/\",\"name\":\"Sz\\u00e9r\\u0171skert vend\\u00e9gh\\u00e1z\",\"description\":\"\\u201e Csal\\u00e1di \\u00fcd\\u00fcl\\u00e9s a B\\u00fckkben, romantikus erdei k\\u00f6rnyezetben \\u201d\",\"potentialAction\":[{\"@type\":\"SearchAction\",\"target\":\"http:\/\/szarvaskoo.hu\/?s={search_term_string}\",\"query-input\":\"required name=search_term_string\"}],\"inLanguage\":\"en-GB\"},{\"@type\":\"ImageObject\",\"@id\":\"http:\/\/szarvaskoo.hu\/felszereltseg\/#primaryimage\",\"inLanguage\":\"en-GB\",\"url\":\"http:\/\/szarvaskoo.hu\/wp-content\/uploads\/2020\/06\/IMG_7015-1024x683.jpg\"},{\"@type\":\"WebPage\",\"@id\":\"http:\/\/szarvaskoo.hu\/felszereltseg\/#webpage\",\"url\":\"http:\/\/szarvaskoo.hu\/felszereltseg\/\",\"name\":\"Felszerelts\\u00e9g - Sz\\u00e9r\\u0171skert vend\\u00e9gh\\u00e1z\",\"isPartOf\":{\"@id\":\"http:\/\/szarvaskoo.hu\/#website\"},\"primaryImageOfPage\":{\"@id\":\"http:\/\/szarvaskoo.hu\/felszereltseg\/#primaryimage\"},\"datePublished\":\"2020-07-24T06:46:36+00:00\",\"dateModified\":\"2020-08-21T12:27:25+00:00\",\"description\":\"H\\u00e1l\\u00f3szob\\u00e1k, f\\u00fcrd\\u0151szoba, konyha \\u00e9s nappali felszerelts\\u00e9ge lehet\\u0151s\\u00e9get ny\\u00fajt a vend\\u00e9gnek ahhoz, hogy teljes m\\u00e9rt\\u00e9kben otthonosan \\u00e9rezze mag\\u00e1t.\",\"breadcrumb\":{\"@id\":\"http:\/\/szarvaskoo.hu\/felszereltseg\/#breadcrumb\"},\"inLanguage\":\"en-GB\",\"potentialAction\":[{\"@type\":\"ReadAction\",\"target\":[\"http:\/\/szarvaskoo.hu\/felszereltseg\/\"]}]},{\"@type\":\"BreadcrumbList\",\"@id\":\"http:\/\/szarvaskoo.hu\/felszereltseg\/#breadcrumb\",\"itemListElement\":[{\"@type\":\"ListItem\",\"position\":1,\"item\":{\"@type\":\"WebPage\",\"@id\":\"http:\/\/szarvaskoo.hu\/\",\"url\":\"http:\/\/szarvaskoo.hu\/\",\"name\":\"Home\"}},{\"@type\":\"ListItem\",\"position\":2,\"item\":{\"@type\":\"WebPage\",\"@id\":\"http:\/\/szarvaskoo.hu\/felszereltseg\/\",\"url\":\"http:\/\/szarvaskoo.hu\/felszereltseg\/\",\"name\":\"Felszerelts\\u00e9g\"}}]}]}<\/script>\n<!-- \/ Yoast SEO plugin. -->","_links":{"self":[{"href":"http:\/\/szarvaskoo.hu\/en\/wp-json\/wp\/v2\/pages\/1140"}],"collection":[{"href":"http:\/\/szarvaskoo.hu\/en\/wp-json\/wp\/v2\/pages"}],"about":[{"href":"http:\/\/szarvaskoo.hu\/en\/wp-json\/wp\/v2\/types\/page"}],"author":[{"embeddable":true,"href":"http:\/\/szarvaskoo.hu\/en\/wp-json\/wp\/v2\/users\/1"}],"replies":[{"embeddable":true,"href":"http:\/\/szarvaskoo.hu\/en\/wp-json\/wp\/v2\/comments?post=1140"}],"version-history":[{"count":36,"href":"http:\/\/szarvaskoo.hu\/en\/wp-json\/wp\/v2\/pages\/1140\/revisions"}],"predecessor-version":[{"id":1395,"href":"http:\/\/szarvaskoo.hu\/en\/wp-json\/wp\/v2\/pages\/1140\/revisions\/1395"}],"wp:attachment":[{"href":"http:\/\/szarvaskoo.hu\/en\/wp-json\/wp\/v2\/media?parent=1140"}],"curies":[{"name":"wp","href":"https:\/\/api.w.org\/{rel}","templated":true}]}}