{"id":197,"date":"2020-06-09T12:19:58","date_gmt":"2020-06-09T12:19:58","guid":{"rendered":"http:\/\/localhost\/?page_id=197"},"modified":"2020-07-27T13:35:02","modified_gmt":"2020-07-27T13:35:02","slug":"elerhetoseg","status":"publish","type":"page","link":"http:\/\/szarvaskoo.hu\/en\/elerhetoseg\/","title":{"rendered":"Contact Us"},"content":{"rendered":"<p style=\"color:#222222\" class=\"has-text-color has-text-align-center kapcs_cim\"><strong>CONTACT US<\/strong><\/p>\n\n\n\n<section class=\"wp-block-uagb-columns uagb-columns__wrap uagb-columns__background-undefined uagb-columns__stack-mobile uagb-columns__valign-center uagb-columns__gap-10 alignundefined uagb-block-33c49315\"><div class=\"uagb-columns__overlay\"><\/div><div class=\"uagb-columns__inner-wrap uagb-columns__columns-3\">\n<div class=\"wp-block-uagb-column uagb-column__wrap uagb-column__background-undefined uagb-block-b514fe02\"><div class=\"uagb-column__overlay\"><\/div><div class=\"uagb-column__inner-wrap\">\n<div class=\"wp-block-image\"><figure class=\"aligncenter size-large is-resized\"><img loading=\"lazy\" src=\"http:\/\/szarvaskoo.hu\/wp-content\/uploads\/2020\/06\/Telefon.png\" alt=\"\" class=\"wp-image-455\" width=\"75\" height=\"75\" srcset=\"http:\/\/szarvaskoo.hu\/wp-content\/uploads\/2020\/06\/Telefon.png 300w, http:\/\/szarvaskoo.hu\/wp-content\/uploads\/2020\/06\/Telefon-150x150.png 150w\" sizes=\"(max-width: 75px) 100vw, 75px\" \/><\/figure><\/div>\n\n\n\n<p class=\"has-text-align-center has-normal-font-size\">S\u0171r\u0171 Krisztina<\/p>\n\n\n\n<div class=\"wp-block-image\"><figure class=\"aligncenter size-large is-resized\"><img loading=\"lazy\" src=\"http:\/\/szarvaskoo.hu\/wp-content\/uploads\/2020\/07\/Telefonsz\u00e1m-k\u00e9p.png\" alt=\"\" class=\"wp-image-1015\" width=\"145\" height=\"23\"\/><\/figure><\/div>\n<\/div><\/div>\n\n\n\n<div class=\"wp-block-uagb-column uagb-column__wrap uagb-column__background-undefined uagb-block-10d2dc14\"><div class=\"uagb-column__overlay\"><\/div><div class=\"uagb-column__inner-wrap\">\n<div class=\"wp-block-image\"><figure class=\"aligncenter size-large is-resized\"><img loading=\"lazy\" src=\"http:\/\/szarvaskoo.hu\/wp-content\/uploads\/2020\/07\/H\u00e1z.png\" alt=\"\" class=\"wp-image-876\" width=\"75\" height=\"75\" srcset=\"http:\/\/szarvaskoo.hu\/wp-content\/uploads\/2020\/07\/H\u00e1z.png 300w, http:\/\/szarvaskoo.hu\/wp-content\/uploads\/2020\/07\/H\u00e1z-150x150.png 150w\" sizes=\"(max-width: 75px) 100vw, 75px\" \/><\/figure><\/div>\n\n\n\n<p class=\"has-text-align-center has-normal-font-size\">Szarvask\u0151, II. R\u00e1k\u00f3czi F. hrsz 700.<\/p>\n<\/div><\/div>\n\n\n\n<div class=\"wp-block-uagb-column uagb-column__wrap uagb-column__background-undefined uagb-block-c18fa5b4\"><div class=\"uagb-column__overlay\"><\/div><div class=\"uagb-column__inner-wrap\">\n<div class=\"wp-block-image\"><figure class=\"aligncenter size-large is-resized\"><img loading=\"lazy\" src=\"http:\/\/szarvaskoo.hu\/wp-content\/uploads\/2020\/06\/e-mail.png\" alt=\"\" class=\"wp-image-457\" width=\"75\" height=\"75\" srcset=\"http:\/\/szarvaskoo.hu\/wp-content\/uploads\/2020\/06\/e-mail.png 300w, http:\/\/szarvaskoo.hu\/wp-content\/uploads\/2020\/06\/e-mail-150x150.png 150w\" sizes=\"(max-width: 75px) 100vw, 75px\" \/><\/figure><\/div>\n\n\n\n<div class=\"wp-block-image\"><figure class=\"aligncenter size-large\"><img loading=\"lazy\" width=\"241\" height=\"33\" src=\"http:\/\/szarvaskoo.hu\/wp-content\/uploads\/2020\/07\/K\u00e9pkiv\u00e1g\u00e1s.png\" alt=\"\" class=\"wp-image-1243\"\/><\/figure><\/div>\n<\/div><\/div>\n<\/div><\/section>\n\n\n\n<div class=\"wp-block-ugb-spacer ugb-spacer ugb-5f72971 ugb-spacer--v2 ugb-main-block\" id=\"\"><div class=\"ugb-inner-block\"><div class=\"ugb-block-content\"><div class=\"ugb-spacer--inner\"><\/div><\/div><\/div><\/div>\n\n\n\n<p style=\"color:#222222\" class=\"has-text-color has-text-align-center kapcs_cim\"><strong><\/strong><\/p>\n\n\n\n<p class=\"has-text-align-center\"><strong>        <script type=\"text\/javascript\">\n         function cp_contactformtoemail_pform_doValidate_1(form)\n         {\n            document.cp_contactformtoemail_pform_1.cp_ref_page.value = document.location;\n            $dexQuery = jQuery.noConflict();            if (document.cp_contactformtoemail_pform_1.hdcaptcha_cp_contactformtoemail_post.value == '') { setTimeout( \"cp_contactformtoemail_cerror_1()\", 100); return false; }\n            var result = $dexQuery.ajax({ type: \"GET\", url: \"\/en\/?ps=_1&cp_contactformtoemail_pform_process=2&cp_contactformtoemail_id=1&inAdmin=1&ps=_1&hdcaptcha_cp_contactformtoemail_post=\"+document.cp_contactformtoemail_pform_1.hdcaptcha_cp_contactformtoemail_post.value, async: false }).responseText;\n            if (result.indexOf(\"captchafailed\") != -1) {\n                $dexQuery(\"#captchaimg_1\").attr('src', $dexQuery(\"#captchaimg_1\").attr('src')+'&'+Math.floor((Math.random() * 99999) + 1));\n                setTimeout( \"cp_contactformtoemail_cerror_1()\", 100);\n                return false;\n            } else             {\n                var cpefb_error = 0;\n                $dexQuery(\"#cp_contactformtoemail_pform_1\").find(\".cpefb_error\").each(function(index){\n                    if ($dexQuery(this).css(\"display\")!=\"none\")\n                        cpefb_error++;\n                    });\n                if (cpefb_error) return false;\n                if (document.cp_contactformtoemail_pform_1.cp_contactformtoemail_pform_status.value != '0')\n                           return false;\n                document.getElementById(\"refpage_1\").value = document.location;\n                cfte_blink(\".pbSubmit\");\n                document.cp_contactformtoemail_pform_1.cp_contactformtoemail_pform_status.value = '2';document.cp_contactformtoemail_pform_1.cp_contactformtoemail_pform_status.value = '1';\n                       $dexQuery.ajax({\n                         type: \"POST\",\n                         url: '',\n                         data: $dexQuery(\"#cp_contactformtoemail_pform_1\").serialize(),\n                         success: function(data)\n                         {\n                             document.cp_contactformtoemail_pform_1.cp_contactformtoemail_pform_status.value = '0';\n                                                              document.getElementById('cp_contactformtoemail_pform_1').innerHTML ='<a id=\"cftejump\"><\/a>\u00dczenet\u00e9t tov\u00e1bb\u00edtottuk, hamarosan v\u00e1laszolunk. K\u00f6sz\u00f6nj\u00fck!';\n                                 var tag = $dexQuery(\"#cftejump\");\n                                 $dexQuery('html,body').animate({scrollTop: tag.offset().top-60},'fast');\n                                                        }\n                       });\n                       return false;\n                                }\n         }\n         function cfte_blink(selector){\n                 try {\n                     $dexQuery = jQuery.noConflict();\n                     $dexQuery(selector).fadeOut(700, function(){\n                         $dexQuery(this).fadeIn(700, function(){\n                             try {\n                                 if (document.cp_contactformtoemail_pform_1.cp_contactformtoemail_pform_status.value != '0')\n                                     cfte_blink(this);\n                             } catch (e) {}\n                         });\n                     });\n                 } catch (e) {}\n         }\n         function cp_contactformtoemail_cerror_1(){$dexQuery = jQuery.noConflict();$dexQuery(\"#hdcaptcha_error_1\").css('top',$dexQuery(\"#hdcaptcha_cp_contactformtoemail_post_1\").outerHeight());$dexQuery(\"#hdcaptcha_error_1\").css(\"display\",\"inline\");}\n        <\/script>\n        <div id=\"cftedialog\" style=\"display:none;\">\u00dczenet\u00e9t tov\u00e1bb\u00edtottuk, hamarosan v\u00e1laszolunk. K\u00f6sz\u00f6nj\u00fck!<\/div>\n        <form class=\"cpp_form\" name=\"cp_contactformtoemail_pform_1\" id=\"cp_contactformtoemail_pform_1\" action=\"\" method=\"post\" enctype=\"multipart\/form-data\" onsubmit=\"return cp_contactformtoemail_pform_doValidate_1(this);\" data-trp-original-action=\"\"><input type=\"hidden\" name=\"cp_pform_psequence\" value=\"_1\" \/><input type=\"hidden\" name=\"cp_contactformtoemail_pform_process\" value=\"1\" \/><input type=\"hidden\" name=\"cp_contactformtoemail_id\" value=\"1\" \/><input type=\"hidden\" name=\"cp_ref_page\" value=\"\" \/><input type=\"hidden\" name=\"form_structure_1\" id=\"form_structure_1\" size=\"180\" value=\"[[{&quot;name&quot;:&quot;email&quot;,&quot;index&quot;:0,&quot;title&quot;:&quot;Email c\\u00edme&quot;,&quot;ftype&quot;:&quot;femail&quot;,&quot;userhelp&quot;:&quot;&quot;,&quot;csslayout&quot;:&quot;&quot;,&quot;required&quot;:true,&quot;predefined&quot;:&quot;&quot;,&quot;size&quot;:&quot;medium&quot;,&quot;shortlabel&quot;:&quot;Az \\u00d6n e-mail c\\u00edme.&quot;,&quot;userhelpTooltip&quot;:false,&quot;predefinedClick&quot;:false,&quot;equalTo&quot;:&quot;&quot;},{&quot;name&quot;:&quot;subject&quot;,&quot;index&quot;:1,&quot;title&quot;:&quot;T\\u00e1rgy&quot;,&quot;required&quot;:true,&quot;ftype&quot;:&quot;ftext&quot;,&quot;userhelp&quot;:&quot;&quot;,&quot;csslayout&quot;:&quot;&quot;,&quot;predefined&quot;:&quot;&quot;,&quot;size&quot;:&quot;medium&quot;,&quot;shortlabel&quot;:&quot;Az \\u00fczenet t\\u00e1rgya.&quot;,&quot;userhelpTooltip&quot;:false,&quot;predefinedClick&quot;:false,&quot;minlength&quot;:&quot;&quot;,&quot;maxlength&quot;:&quot;&quot;,&quot;equalTo&quot;:&quot;&quot;},{&quot;name&quot;:&quot;message&quot;,&quot;index&quot;:2,&quot;size&quot;:&quot;large&quot;,&quot;required&quot;:true,&quot;title&quot;:&quot;\\u00dczenet&quot;,&quot;ftype&quot;:&quot;ftextarea&quot;,&quot;userhelp&quot;:&quot;&quot;,&quot;csslayout&quot;:&quot;&quot;,&quot;predefined&quot;:&quot;&quot;,&quot;shortlabel&quot;:&quot;Az \\u00fczenet tartalma.&quot;,&quot;userhelpTooltip&quot;:false,&quot;predefinedClick&quot;:false,&quot;minlength&quot;:&quot;15&quot;,&quot;maxlength&quot;:&quot;&quot;}],[{&quot;title&quot;:&quot;&quot;,&quot;description&quot;:&quot;&quot;,&quot;formlayout&quot;:&quot;top_aligned&quot;}]]\" \/><input type=\"hidden\" name=\"refpage_1\" id=\"refpage_1\" value=\"\"><input type=\"hidden\" name=\"cp_contactformtoemail_pform_status\" value=\"0\" \/><div id=\"fbuilder\">    \r\n    <div id=\"fbuilder_1\">\r\n        <div id=\"formheader_1\"><\/div>\r\n        <div id=\"fieldlist_1\"><\/div>\r\n    <\/div>\r\n<\/div>    \r\n<div style=\"display:none\">\r\n<div id=\"cpcaptchalayer_1\" class=\"cpcaptchalayer\">\r\n  Security Code:<br \/>\r\n  <img src=\"\/en\/?cp_contactformtoemail_captcha=captcha&ps=_1&inAdmin=1&width=180&height=70&letter_count=5&min_size=15&max_size=20&noise=174&noiselength=10&bcolor=ffffff&border=000000&font=font2\"  id=\"captchaimg_1\" alt=\"security code\" border=\"0\" class=\"skip-lazy\"  \/>\r\n  <br \/>Please enter the security code:<br \/>\r\n  <div class=\"dfield\"><input type=\"text\" size=\"20\" name=\"hdcaptcha_cp_contactformtoemail_post\" id=\"hdcaptcha_cp_contactformtoemail_post_1\" value=\"\" \/>\r\n  <div class=\"cpefb_error message\" id=\"hdcaptcha_error_1\" generated=\"true\" style=\"display:none;position: absolute; left: 0px; top: 25px;\">Helytelen biztons\u00e1gi k\u00f3d.<\/div>\r\n  <\/div><br \/>  \r\n<\/div>\r\n<\/div>\r\n<div id=\"cp_subbtn_1\" class=\"cp_subbtn\">Send<\/div>\r\n<input type=\"hidden\" name=\"trp-form-language\" value=\"en\"\/><\/form>\r\n<\/strong><\/p>\n\n\n\n<iframe src=\"https:\/\/www.google.com\/maps\/embed?pb=!1m18!1m12!1m3!1d2670.690453372621!2d20.322449915522128!3d47.98104227921132!2m3!1f0!2f0!3f0!3m2!1i1024!2i768!4f13.1!3m3!1m2!1s0x4740892e42c7cb33%3A0xb98b3eea59d43669!2zU3rDqXLFsXNrZXJ0IFZlbmTDqWdow6F6IFN6YXJ2YXNrxZE!5e0!3m2!1shu!2shu!4v1595855079687!5m2!1shu!2shu\" width=\"800\" height=\"600\" frameborder=\"0\" style=\"border:0;\" allowfullscreen=\"\" aria-hidden=\"false\" tabindex=\"0\"><\/iframe>\n\n\n\n<div class=\"wp-block-ugb-spacer ugb-spacer ugb-992533b ugb-spacer--v2 ugb-main-block\" id=\"\"><div class=\"ugb-inner-block\"><div class=\"ugb-block-content\"><div class=\"ugb-spacer--inner\"><\/div><\/div><\/div><\/div>\n\n\n\n<p style=\"color:#222222\" class=\"has-text-color has-text-align-center kapcs_cim\"><strong>Write a review!<\/strong><\/p>\n\n\n<div class=\"glsr glsr-default\" id=\"glsr_e47907d3\" data-block='' data-hide='title' data-id='glsr_e47907d3'><div class=\"glsr-form-wrap\">\n    <form class=\"glsr-review-form glsr-form\" method=\"post\" enctype=\"multipart\/form-data\" action=\"\">\n        <input name=\"site-reviews[_action]\" type=\"hidden\" value=\"submit-review\"><input name=\"site-reviews[_counter]\" type=\"hidden\" value=\"\"><input name=\"site-reviews[_nonce]\" type=\"hidden\" value=\"653ca09de8\"><input name=\"site-reviews[_post_id]\" type=\"hidden\" value=\"197\"><input name=\"site-reviews[_referer]\" type=\"hidden\" value=\"\/en\/wp-json\/wp\/v2\/pages\/197\"><input name=\"site-reviews[assigned_posts]\" type=\"hidden\" value=\"\"><input name=\"site-reviews[assigned_terms]\" type=\"hidden\" value=\"\"><input name=\"site-reviews[assigned_users]\" type=\"hidden\" value=\"\"><input name=\"site-reviews[excluded]\" type=\"hidden\" value=\"title\"><input name=\"site-reviews[form_id]\" type=\"hidden\" value=\"glsr_e47907d3\"><div class=\"glsr-field\" style=\"display:none;\"><label class=\"glsr-label glsr-label-text\" for=\"site-reviews-11e291eb-glsr_e47907d3\"><span>Your review<\/span><\/label><input class=\"glsr-input glsr-input-text\" id=\"site-reviews-11e291eb-glsr_e47907d3\" name=\"site-reviews[11e291eb]\" type=\"text\" value=\"\"><\/div><div class=\"glsr-field glsr-field-rating glsr-required\" data-field=\"rating\">\n    <label class=\"glsr-label glsr-label-rating\" for=\"site-reviews-rating-glsr_e47907d3\"><span>Your overall rating<\/span><\/label>\n    <select class=\"glsr-select glsr-star-rating\" id=\"site-reviews-rating-glsr_e47907d3\" name=\"site-reviews[rating]\" required><option selected value=\"\">Select a Rating<\/option><option value=\"5\">5 Stars<\/option><option value=\"4\">4 Stars<\/option><option value=\"3\">3 Stars<\/option><option value=\"2\">2 Stars<\/option><option value=\"1\">1 Star<\/option><\/select>\n    <div class=\"glsr-field-error\"><\/div>\n<\/div><div class=\"glsr-field glsr-field-textarea glsr-required\" data-field=\"content\">\n    <label class=\"glsr-label glsr-label-textarea\" for=\"site-reviews-content-glsr_e47907d3\"><span>Your review<\/span><\/label>\n    <textarea class=\"glsr-textarea\" id=\"site-reviews-content-glsr_e47907d3\" name=\"site-reviews[content]\" placeholder=\"Tell people your review\" rows=\"5\" required><\/textarea>\n    <div class=\"glsr-field-error\"><\/div>\n<\/div><div class=\"glsr-field glsr-field-text glsr-required\" data-field=\"name\">\n    <label class=\"glsr-label glsr-label-text\" for=\"site-reviews-name-glsr_e47907d3\"><span>Your name<\/span><\/label>\n    <input class=\"glsr-input glsr-input-text\" id=\"site-reviews-name-glsr_e47907d3\" name=\"site-reviews[name]\" type=\"text\" placeholder=\"Tell us your name\" required value=\"\">\n    <div class=\"glsr-field-error\"><\/div>\n<\/div><div class=\"glsr-field glsr-field-email glsr-required\" data-field=\"email\">\n    <label class=\"glsr-label glsr-label-email\" for=\"site-reviews-email-glsr_e47907d3\"><span>Your email<\/span><\/label>\n    <input class=\"glsr-input glsr-input-email\" id=\"site-reviews-email-glsr_e47907d3\" name=\"site-reviews[email]\" type=\"email\" placeholder=\"Tell us your email\" required value=\"\">\n    <div class=\"glsr-field-error\"><\/div>\n<\/div><div class=\"glsr-field glsr-field-choice glsr-required\" data-field=\"terms\">\n    \n    <span class=\"glsr-field-toggle\">\n    <span class=\"glsr-toggle\">\n        <label for=\"site-reviews-terms-glsr_e47907d3-1\">This review is based on my own experience and is my genuine opinion.<\/label>\n        <span class=\"glsr-toggle-switch\">\n            <input class=\"glsr-input-toggle\" id=\"site-reviews-terms-glsr_e47907d3-1\" name=\"site-reviews[terms]\" type=\"checkbox\" value=\"1\" required> &#8203; <!-- zero-space character used for alignment -->\n            <span class=\"glsr-toggle-track\"><\/span>\n        <\/span>\n    <\/span>\n<\/span>\n    <div class=\"glsr-field-error\"><\/div>\n<\/div>\n        <div class=\"glsr-form-message\">\n    \n<\/div>\n        <div data-field=\"submit-button\">\n    <button type=\"submit\" class=\"glsr-button button btn btn-primary\">\n        <span class=\"glsr-button-loading\"><\/span>\n        <span class=\"glsr-button-text\" data-text=\"Submit your review\">Submit your review<\/span>\n    <\/button>\n<\/div>\n    <input type=\"hidden\" name=\"trp-form-language\" value=\"en\"\/><\/form>\n<\/div><\/div>\n\n\n<div class=\"wp-block-ugb-spacer ugb-spacer ugb-6425299 ugb-spacer--v2 ugb-main-block\" id=\"\"><div class=\"ugb-inner-block\"><div class=\"ugb-block-content\"><div class=\"ugb-spacer--inner\"><\/div><\/div><\/div><\/div>\n\n\n<div class=\"glsr glsr-default\" id=\"glsr_a7c4e64f\" data-block='' data-id='glsr_a7c4e64f'><div class=\"glsr-summary-wrap\">\n    <div class=\"glsr-summary\">\n        <div class=\"glsr-summary-rating\"><span>0<\/span><\/div>\n        <div class=\"glsr-summary-stars\"><div class=\"glsr-star-rating glsr-stars\">\n    <span class=\"screen-reader-text\">Rated <strong>0<\/strong> out of 5<\/span>\n    <div class=\"glsr-star glsr-star-empty\" aria-hidden=\"true\"><\/div><div class=\"glsr-star glsr-star-empty\" aria-hidden=\"true\"><\/div><div class=\"glsr-star glsr-star-empty\" aria-hidden=\"true\"><\/div><div class=\"glsr-star glsr-star-empty\" aria-hidden=\"true\"><\/div><div class=\"glsr-star glsr-star-empty\" aria-hidden=\"true\"><\/div>\n<\/div><\/div>\n        <div class=\"glsr-summary-text\"><span>0 out of 5 stars (based on 0 reviews)<\/span><\/div>\n        <div class=\"glsr-summary-percentages\"><div class=\"glsr-bar\"><span class=\"glsr-bar-label\">Excellent<\/span><span class=\"glsr-bar-background\"><span class=\"glsr-bar-background-percent\" style=\"width:0%\"><\/span><\/span><span class=\"glsr-bar-percent\">0%<\/span><\/div><div class=\"glsr-bar\"><span class=\"glsr-bar-label\">Very good<\/span><span class=\"glsr-bar-background\"><span class=\"glsr-bar-background-percent\" style=\"width:0%\"><\/span><\/span><span class=\"glsr-bar-percent\">0%<\/span><\/div><div class=\"glsr-bar\"><span class=\"glsr-bar-label\">Average<\/span><span class=\"glsr-bar-background\"><span class=\"glsr-bar-background-percent\" style=\"width:0%\"><\/span><\/span><span class=\"glsr-bar-percent\">0%<\/span><\/div><div class=\"glsr-bar\"><span class=\"glsr-bar-label\">Poor<\/span><span class=\"glsr-bar-background\"><span class=\"glsr-bar-background-percent\" style=\"width:0%\"><\/span><\/span><span class=\"glsr-bar-percent\">0%<\/span><\/div><div class=\"glsr-bar\"><span class=\"glsr-bar-label\">Terrible<\/span><span class=\"glsr-bar-background\"><span class=\"glsr-bar-background-percent\" style=\"width:0%\"><\/span><\/span><span class=\"glsr-bar-percent\">0%<\/span><\/div><\/div>\n    <\/div>\n<\/div><\/div>\n\n\n<div class=\"wp-block-ugb-divider ugb-divider ugb-707d92b ugb-divider--v2 ugb-divider--design-basic ugb-main-block\" id=\"\"><style>.ugb-707d92b .ugb-block-content{margin-top:20px !important;margin-bottom:20px !important}.ugb-707d92b hr.ugb-divider__hr{background-color:#313131 !important;height:1px !important;width:50% !important;margin-left:auto !important;margin-right:auto !important}<\/style><div class=\"ugb-inner-block\"><div class=\"ugb-block-content\"><hr class=\"ugb-divider__hr\"\/><\/div><\/div><\/div>\n\n\n<div class=\"glsr glsr-default\" id=\"glsr_d1344aef\" data-block='' data-hide='[&quot;title&quot;]' data-id='glsr_d1344aef' data-rating='3'><div class=\"glsr-reviews-wrap\">\n    <div class=\"glsr-reviews\">\n        <p class=\"glsr-no-margins\">There are no reviews yet. Be the first one to write one.<\/p>\n    <\/div>\n    \n<\/div><\/div>","protected":false},"excerpt":{"rendered":"<p>El\u00e9rhet\u0151s\u00e9geink L\u00e9pjen kapcsolatba vel\u00fcnk \u00cdrja meg v\u00e9lem\u00e9ny\u00e9t!<\/p>","protected":false},"author":1,"featured_media":0,"parent":0,"menu_order":0,"comment_status":"closed","ping_status":"closed","template":"","meta":{"ghostkit_customizer_options":"","ghostkit_custom_css":"","ghostkit_custom_js_head":"","ghostkit_custom_js_foot":"","ghostkit_typography":""},"featured_image_urls":{"full":"","thumbnail":"","medium":"","medium_large":"","large":"","1536x1536":"","2048x2048":"","trp-custom-language-flag":"","awb_sm":"","awb_md":"","awb_lg":"","awb_xl":"","latte-blogposts":""},"post_excerpt_stackable":"<p>El\u00e9rhet\u0151s\u00e9geink S\u0171r\u0171 Krisztina Szarvask\u0151, II. R\u00e1k\u00f3czi F. hrsz 700. L\u00e9pjen kapcsolatba vel\u00fcnk \u00dczenet\u00e9t tov\u00e1bb\u00edtottuk, hamarosan v\u00e1laszolunk. K\u00f6sz\u00f6nj\u00fck! Security Code: Please enter the security code: Helytelen biztons\u00e1gi k\u00f3d. Elk\u00fcld \u00cdrja meg v\u00e9lem\u00e9ny\u00e9t! Your review Your overall rating Select a Rating5 Stars4 Stars3 Stars2 Stars1 Star Your review Your name Your email This review is based on my own experience and is my genuine opinion. &#8203; Submit your review 0 Rated 0 out of 5 0 out of 5 stars (based on 0 reviews) Excellent0%Very good0%Average0%Poor0%Terrible0% There are no reviews yet. Be the first one to write one.<\/p>\n","category_list":"","author_info":{"name":"stumpfpeti","url":"http:\/\/szarvaskoo.hu\/en\/author\/stumpfpeti\/"},"comments_num":"0 comments","uagb_featured_image_src":{"full":false,"thumbnail":false,"medium":false,"medium_large":false,"large":false,"1536x1536":false,"2048x2048":false,"trp-custom-language-flag":false,"awb_sm":false,"awb_md":false,"awb_lg":false,"awb_xl":false,"latte-blogposts":false},"uagb_author_info":{"display_name":"stumpfpeti","author_link":"http:\/\/szarvaskoo.hu\/en\/author\/stumpfpeti\/"},"uagb_comment_info":0,"uagb_excerpt":"El\u00e9rhet\u0151s\u00e9geink L\u00e9pjen kapcsolatba vel\u00fcnk \u00cdrja meg v\u00e9lem\u00e9ny\u00e9t!","yoast_head":"<!-- This site is optimized with the Yoast SEO plugin v15.8 - https:\/\/yoast.com\/wordpress\/plugins\/seo\/ -->\n<title>El\u00e9rhet\u0151s\u00e9g - Sz\u00e9r\u0171skert vend\u00e9gh\u00e1z<\/title>\n<meta name=\"description\" content=\"L\u00e9pjen kapcsolatba vel\u00fcnk, \u00edrja meg v\u00e9lem\u00e9ny\u00e9t! El\u00e9rhet\u0151sg\u00e9g\u00fcnk: Szarvask\u0151, II. R\u00e1k\u00f3czi F. hrsz 700. | E-mail: info@szarvaskoo.hu\" \/>\n<meta name=\"robots\" content=\"index, follow, max-snippet:-1, max-image-preview:large, max-video-preview:-1\" \/>\n<link rel=\"canonical\" href=\"http:\/\/szarvaskoo.hu\/en\/elerhetoseg\/\" \/>\n<meta property=\"og:locale\" content=\"en_GB\" \/>\n<meta property=\"og:type\" content=\"article\" \/>\n<meta property=\"og:title\" content=\"El\u00e9rhet\u0151s\u00e9g - Sz\u00e9r\u0171skert vend\u00e9gh\u00e1z\" \/>\n<meta property=\"og:description\" content=\"L\u00e9pjen kapcsolatba vel\u00fcnk, \u00edrja meg v\u00e9lem\u00e9ny\u00e9t! El\u00e9rhet\u0151sg\u00e9g\u00fcnk: Szarvask\u0151, II. R\u00e1k\u00f3czi F. hrsz 700. | E-mail: info@szarvaskoo.hu\" \/>\n<meta property=\"og:url\" content=\"http:\/\/szarvaskoo.hu\/en\/elerhetoseg\/\" \/>\n<meta property=\"og:site_name\" content=\"Sz\u00e9r\u0171skert vend\u00e9gh\u00e1z\" \/>\n<meta property=\"article:modified_time\" content=\"2020-07-27T13:35:02+00:00\" \/>\n<meta property=\"og:image\" content=\"http:\/\/szarvaskoo.hu\/wp-content\/uploads\/2020\/06\/Telefon.png\" \/>\n<meta name=\"twitter:card\" content=\"summary_large_image\" \/>\n<script type=\"application\/ld+json\" class=\"yoast-schema-graph\">{\"@context\":\"https:\/\/schema.org\",\"@graph\":[{\"@type\":\"WebSite\",\"@id\":\"http:\/\/szarvaskoo.hu\/#website\",\"url\":\"http:\/\/szarvaskoo.hu\/\",\"name\":\"Sz\\u00e9r\\u0171skert vend\\u00e9gh\\u00e1z\",\"description\":\"\\u201e Csal\\u00e1di \\u00fcd\\u00fcl\\u00e9s a B\\u00fckkben, romantikus erdei k\\u00f6rnyezetben \\u201d\",\"potentialAction\":[{\"@type\":\"SearchAction\",\"target\":\"http:\/\/szarvaskoo.hu\/?s={search_term_string}\",\"query-input\":\"required name=search_term_string\"}],\"inLanguage\":\"en-GB\"},{\"@type\":\"ImageObject\",\"@id\":\"http:\/\/szarvaskoo.hu\/elerhetoseg\/#primaryimage\",\"inLanguage\":\"en-GB\",\"url\":\"http:\/\/szarvaskoo.hu\/wp-content\/uploads\/2020\/06\/Telefon.png\",\"width\":300,\"height\":300,\"caption\":\"Mobil el\\u00e9rhet\\u0151s\\u00e9g\"},{\"@type\":\"WebPage\",\"@id\":\"http:\/\/szarvaskoo.hu\/elerhetoseg\/#webpage\",\"url\":\"http:\/\/szarvaskoo.hu\/elerhetoseg\/\",\"name\":\"El\\u00e9rhet\\u0151s\\u00e9g - Sz\\u00e9r\\u0171skert vend\\u00e9gh\\u00e1z\",\"isPartOf\":{\"@id\":\"http:\/\/szarvaskoo.hu\/#website\"},\"primaryImageOfPage\":{\"@id\":\"http:\/\/szarvaskoo.hu\/elerhetoseg\/#primaryimage\"},\"datePublished\":\"2020-06-09T12:19:58+00:00\",\"dateModified\":\"2020-07-27T13:35:02+00:00\",\"description\":\"L\\u00e9pjen kapcsolatba vel\\u00fcnk, \\u00edrja meg v\\u00e9lem\\u00e9ny\\u00e9t! El\\u00e9rhet\\u0151sg\\u00e9g\\u00fcnk: Szarvask\\u0151, II. R\\u00e1k\\u00f3czi F. hrsz 700. | E-mail: info@szarvaskoo.hu\",\"breadcrumb\":{\"@id\":\"http:\/\/szarvaskoo.hu\/elerhetoseg\/#breadcrumb\"},\"inLanguage\":\"en-GB\",\"potentialAction\":[{\"@type\":\"ReadAction\",\"target\":[\"http:\/\/szarvaskoo.hu\/elerhetoseg\/\"]}]},{\"@type\":\"BreadcrumbList\",\"@id\":\"http:\/\/szarvaskoo.hu\/elerhetoseg\/#breadcrumb\",\"itemListElement\":[{\"@type\":\"ListItem\",\"position\":1,\"item\":{\"@type\":\"WebPage\",\"@id\":\"http:\/\/szarvaskoo.hu\/\",\"url\":\"http:\/\/szarvaskoo.hu\/\",\"name\":\"Home\"}},{\"@type\":\"ListItem\",\"position\":2,\"item\":{\"@type\":\"WebPage\",\"@id\":\"http:\/\/szarvaskoo.hu\/elerhetoseg\/\",\"url\":\"http:\/\/szarvaskoo.hu\/elerhetoseg\/\",\"name\":\"El\\u00e9rhet\\u0151s\\u00e9g\"}}]}]}<\/script>\n<!-- \/ Yoast SEO plugin. -->","_links":{"self":[{"href":"http:\/\/szarvaskoo.hu\/en\/wp-json\/wp\/v2\/pages\/197"}],"collection":[{"href":"http:\/\/szarvaskoo.hu\/en\/wp-json\/wp\/v2\/pages"}],"about":[{"href":"http:\/\/szarvaskoo.hu\/en\/wp-json\/wp\/v2\/types\/page"}],"author":[{"embeddable":true,"href":"http:\/\/szarvaskoo.hu\/en\/wp-json\/wp\/v2\/users\/1"}],"replies":[{"embeddable":true,"href":"http:\/\/szarvaskoo.hu\/en\/wp-json\/wp\/v2\/comments?post=197"}],"version-history":[{"count":50,"href":"http:\/\/szarvaskoo.hu\/en\/wp-json\/wp\/v2\/pages\/197\/revisions"}],"predecessor-version":[{"id":1418,"href":"http:\/\/szarvaskoo.hu\/en\/wp-json\/wp\/v2\/pages\/197\/revisions\/1418"}],"wp:attachment":[{"href":"http:\/\/szarvaskoo.hu\/en\/wp-json\/wp\/v2\/media?parent=197"}],"curies":[{"name":"wp","href":"https:\/\/api.w.org\/{rel}","templated":true}]}}