{"id":410,"date":"2020-06-10T11:49:54","date_gmt":"2020-06-10T11:49:54","guid":{"rendered":"http:\/\/localhost\/?page_id=410"},"modified":"2020-07-17T14:10:00","modified_gmt":"2020-07-17T14:10:00","slug":"virtualis-tura","status":"publish","type":"page","link":"http:\/\/szarvaskoo.hu\/en\/virtualis-tura\/","title":{"rendered":"Virtual tour"},"content":{"rendered":"<h2 class=\"has-text-align-center ghostkit-custom-1IVB7I\" data-ghostkit-sr=\"fade;delay:500\"><strong>Explore the Guesthouse<\/strong><\/h2>\n\n\n\n<p class=\"has-text-align-center ghostkit-custom-1mdxW\" data-ghostkit-sr=\"fade;delay:1500\">Look around the Guesthouse and in the backyard via Virtual Tour without leaving your home.<\/p>\n\n\n\n<div data-ghostkit-sr=\"fade;delay:2500\">\n<a href=\"http:\/\/szarvaskoo.hu\/3dtour\/Part1.html\"><\/a>\n<div class=\"row\">\n<div class=\"col-2 col-12-mobile\">\n<\/div>\n<div class=\"col-8 col-12-mobile\">\n<iframe src=\"http:\/\/szarvaskoo.hu\/3dtour\/Part1.html\" allowfullscreen=\"true\" style=\"height: 700px; width: 100%;\" frameborder=\"0\"><\/iframe>\n<\/div>\n<\/div><\/div>","protected":false},"excerpt":{"rendered":"<p>J\u00e1rja be a vend\u00e9gh\u00e1zat! N\u00e9zzen k\u00f6rbe a vend\u00e9gh\u00e1zon bel\u00fcl \u00e9s az udvaron virtu\u00e1lis t\u00fara seg\u00edts\u00e9g\u00e9vel an\u00e9lk\u00fcl, hogy kimozdulna otthonr\u00f3l.<\/p>","protected":false},"author":1,"featured_media":0,"parent":0,"menu_order":0,"comment_status":"closed","ping_status":"closed","template":"template-blog.php","meta":{"ghostkit_customizer_options":"","ghostkit_custom_css":"","ghostkit_custom_js_head":"","ghostkit_custom_js_foot":"","ghostkit_typography":""},"featured_image_urls":{"full":"","thumbnail":"","medium":"","medium_large":"","large":"","1536x1536":"","2048x2048":"","trp-custom-language-flag":"","awb_sm":"","awb_md":"","awb_lg":"","awb_xl":"","latte-blogposts":""},"post_excerpt_stackable":"<p>J\u00e1rja be a vend\u00e9gh\u00e1zat! N\u00e9zzen k\u00f6rbe a vend\u00e9gh\u00e1zon bel\u00fcl \u00e9s az udvaron virtu\u00e1lis t\u00fara seg\u00edts\u00e9g\u00e9vel an\u00e9lk\u00fcl, hogy kimozdulna otthonr\u00f3l.<\/p>\n","category_list":"","author_info":{"name":"stumpfpeti","url":"http:\/\/szarvaskoo.hu\/en\/author\/stumpfpeti\/"},"comments_num":"0 comments","uagb_featured_image_src":{"full":false,"thumbnail":false,"medium":false,"medium_large":false,"large":false,"1536x1536":false,"2048x2048":false,"trp-custom-language-flag":false,"awb_sm":false,"awb_md":false,"awb_lg":false,"awb_xl":false,"latte-blogposts":false},"uagb_author_info":{"display_name":"stumpfpeti","author_link":"http:\/\/szarvaskoo.hu\/en\/author\/stumpfpeti\/"},"uagb_comment_info":0,"uagb_excerpt":"J\u00e1rja be a vend\u00e9gh\u00e1zat! N\u00e9zzen k\u00f6rbe a vend\u00e9gh\u00e1zon bel\u00fcl \u00e9s az udvaron virtu\u00e1lis t\u00fara seg\u00edts\u00e9g\u00e9vel an\u00e9lk\u00fcl, hogy kimozdulna otthonr\u00f3l.","yoast_head":"<!-- This site is optimized with the Yoast SEO plugin v15.8 - https:\/\/yoast.com\/wordpress\/plugins\/seo\/ -->\n<title>Virtu\u00e1lis t\u00fara - Sz\u00e9r\u0171skert vend\u00e9gh\u00e1z<\/title>\n<meta name=\"description\" content=\"J\u00e1rja k\u00f6rbe a vend\u00e9gh\u00e1zat saj\u00e1t otthon\u00e1b\u00f3l, k\u00e9nyelmesen. A virtu\u00e1lis t\u00fara seg\u00edts\u00e9g\u00e9vel megtekintheti a vend\u00e9gh\u00e1z helys\u00e9geit valamint az udvart is.\" \/>\n<meta name=\"robots\" content=\"index, follow, max-snippet:-1, max-image-preview:large, max-video-preview:-1\" \/>\n<link rel=\"canonical\" href=\"http:\/\/szarvaskoo.hu\/en\/virtualis-tura\/\" \/>\n<meta property=\"og:locale\" content=\"en_GB\" \/>\n<meta property=\"og:type\" content=\"article\" \/>\n<meta property=\"og:title\" content=\"Virtu\u00e1lis t\u00fara - Sz\u00e9r\u0171skert vend\u00e9gh\u00e1z\" \/>\n<meta property=\"og:description\" content=\"J\u00e1rja k\u00f6rbe a vend\u00e9gh\u00e1zat saj\u00e1t otthon\u00e1b\u00f3l, k\u00e9nyelmesen. A virtu\u00e1lis t\u00fara seg\u00edts\u00e9g\u00e9vel megtekintheti a vend\u00e9gh\u00e1z helys\u00e9geit valamint az udvart is.\" \/>\n<meta property=\"og:url\" content=\"http:\/\/szarvaskoo.hu\/en\/virtualis-tura\/\" \/>\n<meta property=\"og:site_name\" content=\"Sz\u00e9r\u0171skert vend\u00e9gh\u00e1z\" \/>\n<meta property=\"article:modified_time\" content=\"2020-07-17T14:10:00+00:00\" \/>\n<meta name=\"twitter:card\" content=\"summary_large_image\" \/>\n<script type=\"application\/ld+json\" class=\"yoast-schema-graph\">{\"@context\":\"https:\/\/schema.org\",\"@graph\":[{\"@type\":\"WebSite\",\"@id\":\"http:\/\/szarvaskoo.hu\/#website\",\"url\":\"http:\/\/szarvaskoo.hu\/\",\"name\":\"Sz\\u00e9r\\u0171skert vend\\u00e9gh\\u00e1z\",\"description\":\"\\u201e Csal\\u00e1di \\u00fcd\\u00fcl\\u00e9s a B\\u00fckkben, romantikus erdei k\\u00f6rnyezetben \\u201d\",\"potentialAction\":[{\"@type\":\"SearchAction\",\"target\":\"http:\/\/szarvaskoo.hu\/?s={search_term_string}\",\"query-input\":\"required name=search_term_string\"}],\"inLanguage\":\"en-GB\"},{\"@type\":\"WebPage\",\"@id\":\"http:\/\/szarvaskoo.hu\/virtualis-tura\/#webpage\",\"url\":\"http:\/\/szarvaskoo.hu\/virtualis-tura\/\",\"name\":\"Virtu\\u00e1lis t\\u00fara - Sz\\u00e9r\\u0171skert vend\\u00e9gh\\u00e1z\",\"isPartOf\":{\"@id\":\"http:\/\/szarvaskoo.hu\/#website\"},\"datePublished\":\"2020-06-10T11:49:54+00:00\",\"dateModified\":\"2020-07-17T14:10:00+00:00\",\"description\":\"J\\u00e1rja k\\u00f6rbe a vend\\u00e9gh\\u00e1zat saj\\u00e1t otthon\\u00e1b\\u00f3l, k\\u00e9nyelmesen. A virtu\\u00e1lis t\\u00fara seg\\u00edts\\u00e9g\\u00e9vel megtekintheti a vend\\u00e9gh\\u00e1z helys\\u00e9geit valamint az udvart is.\",\"breadcrumb\":{\"@id\":\"http:\/\/szarvaskoo.hu\/virtualis-tura\/#breadcrumb\"},\"inLanguage\":\"en-GB\",\"potentialAction\":[{\"@type\":\"ReadAction\",\"target\":[\"http:\/\/szarvaskoo.hu\/virtualis-tura\/\"]}]},{\"@type\":\"BreadcrumbList\",\"@id\":\"http:\/\/szarvaskoo.hu\/virtualis-tura\/#breadcrumb\",\"itemListElement\":[{\"@type\":\"ListItem\",\"position\":1,\"item\":{\"@type\":\"WebPage\",\"@id\":\"http:\/\/szarvaskoo.hu\/\",\"url\":\"http:\/\/szarvaskoo.hu\/\",\"name\":\"Home\"}},{\"@type\":\"ListItem\",\"position\":2,\"item\":{\"@type\":\"WebPage\",\"@id\":\"http:\/\/szarvaskoo.hu\/virtualis-tura\/\",\"url\":\"http:\/\/szarvaskoo.hu\/virtualis-tura\/\",\"name\":\"Virtu\\u00e1lis t\\u00fara\"}}]}]}<\/script>\n<!-- \/ Yoast SEO plugin. -->","_links":{"self":[{"href":"http:\/\/szarvaskoo.hu\/en\/wp-json\/wp\/v2\/pages\/410"}],"collection":[{"href":"http:\/\/szarvaskoo.hu\/en\/wp-json\/wp\/v2\/pages"}],"about":[{"href":"http:\/\/szarvaskoo.hu\/en\/wp-json\/wp\/v2\/types\/page"}],"author":[{"embeddable":true,"href":"http:\/\/szarvaskoo.hu\/en\/wp-json\/wp\/v2\/users\/1"}],"replies":[{"embeddable":true,"href":"http:\/\/szarvaskoo.hu\/en\/wp-json\/wp\/v2\/comments?post=410"}],"version-history":[{"count":43,"href":"http:\/\/szarvaskoo.hu\/en\/wp-json\/wp\/v2\/pages\/410\/revisions"}],"predecessor-version":[{"id":1021,"href":"http:\/\/szarvaskoo.hu\/en\/wp-json\/wp\/v2\/pages\/410\/revisions\/1021"}],"wp:attachment":[{"href":"http:\/\/szarvaskoo.hu\/en\/wp-json\/wp\/v2\/media?parent=410"}],"curies":[{"name":"wp","href":"https:\/\/api.w.org\/{rel}","templated":true}]}}