{"id":795,"date":"2020-06-23T10:27:17","date_gmt":"2020-06-23T10:27:17","guid":{"rendered":"http:\/\/localhost\/?page_id=795"},"modified":"2020-07-27T14:23:17","modified_gmt":"2020-07-27T14:23:17","slug":"latnivalok","status":"publish","type":"page","link":"http:\/\/szarvaskoo.hu\/en\/latnivalok\/","title":{"rendered":"Attractions"},"content":{"rendered":"<h2 id=\"latnivalokszoveg\" class=\"has-text-align-center ghostkit-custom-1IVB7I\" data-ghostkit-sr=\"fade;delay:500\" style=\"font-family: 'Sanchez', sans-serif;\"><strong>attractions<\/strong><\/h2>\n\n\n\n<h2 id=\"latnivalok2szoveg\" class=\"has-text-align-center ghostkit-custom-1IVB7I\" data-ghostkit-sr=\"fade;delay:500\" style=\"font-family: 'Sanchez', sans-serif;\"><strong>sights in the surrounding area<\/strong><\/h2>\n\n\n\n<div class=\"alignfull wp-block-ugb-feature-grid ugb-feature-grid latvanyossagok ugb-d91d871 ugb-feature-grid--v2 ugb-feature-grid--columns-2 ugb-feature-grid--design-plain ugb-main-block ugb-main-block--inner-center ugb--has-block-background\" id=\"\"><style>.ugb-d91d871 .ugb-img{border-radius:10px}.ugb-d91d871 .ugb-img,.ugb-d91d871 .ugb-feature-grid__image{margin-left:auto !important;margin-right:auto !important}.ugb-d91d871 .ugb-feature-grid__title{color:#abb8c3;font-size:22px;margin-bottom:15px !important}.ugb-d91d871.ugb-feature-grid{margin-bottom:5% !important;padding-top:0% !important;padding-right:0% !important;padding-bottom:0% !important;padding-left:0% !important}@media screen and (max-width:1025px){.ugb-d91d871 .ugb-feature-grid__image{margin-bottom:30px !important}}<\/style><div class=\"ugb-inner-block ugb-inner-block--center\"><div class=\"ugb-block-content\"><div class=\"ugb-feature-grid__item ugb-feature-grid__item1\"><div class=\"ugb-feature-grid__image\"><img loading=\"lazy\" width=\"500\" height=\"500\" class=\"ugb-img wp-image-802\" src=\"http:\/\/szarvaskoo.hu\/wp-content\/uploads\/2020\/06\/Minaret-Eger.jpg\" alt=\"FEATURE 1\" srcset=\"http:\/\/szarvaskoo.hu\/wp-content\/uploads\/2020\/06\/Minaret-Eger.jpg 500w, http:\/\/szarvaskoo.hu\/wp-content\/uploads\/2020\/06\/Minaret-Eger-300x300.jpg 300w, http:\/\/szarvaskoo.hu\/wp-content\/uploads\/2020\/06\/Minaret-Eger-150x150.jpg 150w\" sizes=\"(max-width: 500px) 100vw, 500px\" \/><\/div><div class=\"ugb-feature-grid__content\"><h5 class=\"ugb-feature-grid__title\"><a href=\"http:\/\/www.minareteger.hu\/\" target=\"_blank\" rel=\"noreferrer noopener\">Minaret<\/a><\/h5><\/div><\/div><div class=\"ugb-feature-grid__item ugb-feature-grid__item2\"><div class=\"ugb-feature-grid__image\"><img loading=\"lazy\" width=\"500\" height=\"500\" class=\"ugb-img wp-image-909\" src=\"http:\/\/szarvaskoo.hu\/wp-content\/uploads\/2020\/07\/Egri-v\u00e1r.jpg\" alt=\"FEATURE 2\" srcset=\"http:\/\/szarvaskoo.hu\/wp-content\/uploads\/2020\/07\/Egri-v\u00e1r.jpg 500w, http:\/\/szarvaskoo.hu\/wp-content\/uploads\/2020\/07\/Egri-v\u00e1r-300x300.jpg 300w, http:\/\/szarvaskoo.hu\/wp-content\/uploads\/2020\/07\/Egri-v\u00e1r-150x150.jpg 150w\" sizes=\"(max-width: 500px) 100vw, 500px\" \/><\/div><div class=\"ugb-feature-grid__content\"><h5 class=\"ugb-feature-grid__title\"><a href=\"http:\/\/www.egrivar.hu\/fooldal\" target=\"_blank\" rel=\"noreferrer noopener\">Eger Castle<\/a><\/h5><\/div><\/div><\/div><\/div><\/div>\n\n\n\n<div class=\"alignfull wp-block-ugb-feature-grid ugb-feature-grid latvanyossagok ugb-1e08e3c ugb-feature-grid--v2 ugb-feature-grid--columns-2 ugb-feature-grid--design-plain ugb-main-block ugb-main-block--inner-center ugb--has-block-background\" id=\"\"><style>.ugb-1e08e3c .ugb-img{border-radius:10px}.ugb-1e08e3c .ugb-img,.ugb-1e08e3c .ugb-feature-grid__image{margin-left:auto !important;margin-right:auto !important}.ugb-1e08e3c .ugb-feature-grid__title{color:#abb8c3;font-size:22px;margin-bottom:15px !important}.ugb-1e08e3c.ugb-feature-grid{margin-bottom:5% !important;padding-top:0% !important;padding-right:0% !important;padding-bottom:0% !important;padding-left:0% !important}@media screen and (max-width:1025px){.ugb-1e08e3c .ugb-feature-grid__image{margin-bottom:30px !important}}<\/style><div class=\"ugb-inner-block ugb-inner-block--center\"><div class=\"ugb-block-content\"><div class=\"ugb-feature-grid__item ugb-feature-grid__item1\"><div class=\"ugb-feature-grid__image\"><img loading=\"lazy\" width=\"500\" height=\"500\" class=\"ugb-img wp-image-912\" src=\"http:\/\/szarvaskoo.hu\/wp-content\/uploads\/2020\/07\/Siroki-v\u00e1r.jpg\" alt=\"FEATURE 1\" srcset=\"http:\/\/szarvaskoo.hu\/wp-content\/uploads\/2020\/07\/Siroki-v\u00e1r.jpg 500w, http:\/\/szarvaskoo.hu\/wp-content\/uploads\/2020\/07\/Siroki-v\u00e1r-300x300.jpg 300w, http:\/\/szarvaskoo.hu\/wp-content\/uploads\/2020\/07\/Siroki-v\u00e1r-150x150.jpg 150w\" sizes=\"(max-width: 500px) 100vw, 500px\" \/><\/div><div class=\"ugb-feature-grid__content\"><h5 class=\"ugb-feature-grid__title\"><a href=\"http:\/\/xn--sirokivr-fza.hu\/\" target=\"_blank\" aria-label=\"undefined (\u00faj lapon ny\u00edlik meg)\" rel=\"noreferrer noopener\">Sirok <\/a><a href=\"http:\/\/sirokivar.hu\/\" target=\"_blank\" aria-label=\"undefined (\u00faj lapon ny\u00edlik meg)\" rel=\"noreferrer noopener\">Castle<\/a><\/h5><\/div><\/div><div class=\"ugb-feature-grid__item ugb-feature-grid__item2\"><div class=\"ugb-feature-grid__image\"><img loading=\"lazy\" width=\"500\" height=\"500\" class=\"ugb-img wp-image-911\" src=\"http:\/\/szarvaskoo.hu\/wp-content\/uploads\/2020\/07\/G\u00e1rdonyi-G\u00e9za-eml\u00e9km\u00fazeum.jpg\" alt=\"FEATURE 2\" srcset=\"http:\/\/szarvaskoo.hu\/wp-content\/uploads\/2020\/07\/G\u00e1rdonyi-G\u00e9za-eml\u00e9km\u00fazeum.jpg 500w, http:\/\/szarvaskoo.hu\/wp-content\/uploads\/2020\/07\/G\u00e1rdonyi-G\u00e9za-eml\u00e9km\u00fazeum-300x300.jpg 300w, http:\/\/szarvaskoo.hu\/wp-content\/uploads\/2020\/07\/G\u00e1rdonyi-G\u00e9za-eml\u00e9km\u00fazeum-150x150.jpg 150w\" sizes=\"(max-width: 500px) 100vw, 500px\" \/><\/div><div class=\"ugb-feature-grid__content\"><h5 class=\"ugb-feature-grid__title\"><a href=\"https:\/\/hu.wikipedia.org\/wiki\/G%C3%A1rdonyi_G%C3%A9za_Eml%C3%A9km%C3%BAzeum\" target=\"_blank\" aria-label=\"undefined (\u00faj lapon ny\u00edlik meg)\" rel=\"noreferrer noopener\">G\u00e9za G\u00e1rdonyi Memorial Museum<\/a><\/h5><\/div><\/div><\/div><\/div><\/div>\n\n\n\n<div class=\"alignfull wp-block-ugb-feature-grid ugb-feature-grid ugb-079a8da ugb-feature-grid--v2 ugb-feature-grid--columns-2 ugb-feature-grid--design-plain ugb-main-block ugb-main-block--inner-center ugb--has-block-background\" id=\"\"><style>.ugb-079a8da .ugb-img{border-radius:10px}.ugb-079a8da .ugb-img,.ugb-079a8da .ugb-feature-grid__image{margin-left:auto !important;margin-right:auto !important}.ugb-079a8da .ugb-feature-grid__title{color:#abb8c3;font-size:22px;text-align:center;margin-bottom:15px !important}.ugb-079a8da .ugb-inner-block{text-align:center}.ugb-079a8da.ugb-feature-grid{margin-bottom:5% !important;padding-top:0% !important;padding-right:0% !important;padding-bottom:0% !important;padding-left:0% !important}@media screen and (max-width:1025px){.ugb-079a8da .ugb-feature-grid__image{margin-bottom:30px !important}}<\/style><div class=\"ugb-inner-block ugb-inner-block--center\"><div class=\"ugb-block-content\"><div class=\"ugb-feature-grid__item ugb-feature-grid__item1\"><div class=\"ugb-feature-grid__image\"><img loading=\"lazy\" width=\"500\" height=\"500\" class=\"ugb-img wp-image-908\" src=\"http:\/\/szarvaskoo.hu\/wp-content\/uploads\/2020\/07\/Dob\u00f3-Istv\u00e1n.jpg\" alt=\"FEATURE 1\" srcset=\"http:\/\/szarvaskoo.hu\/wp-content\/uploads\/2020\/07\/Dob\u00f3-Istv\u00e1n.jpg 500w, http:\/\/szarvaskoo.hu\/wp-content\/uploads\/2020\/07\/Dob\u00f3-Istv\u00e1n-300x300.jpg 300w, http:\/\/szarvaskoo.hu\/wp-content\/uploads\/2020\/07\/Dob\u00f3-Istv\u00e1n-150x150.jpg 150w\" sizes=\"(max-width: 500px) 100vw, 500px\" \/><\/div><div class=\"ugb-feature-grid__content\"><h5 class=\"ugb-feature-grid__title\"><a href=\"http:\/\/www.egrivar.hu\/fooldal\" target=\"_blank\" rel=\"noreferrer noopener\">Istv\u00e1n Dob\u00f3 Castle Museum<\/a><\/h5><\/div><\/div><div class=\"ugb-feature-grid__item ugb-feature-grid__item2\"><div class=\"ugb-feature-grid__image\"><img loading=\"lazy\" width=\"500\" height=\"500\" class=\"ugb-img wp-image-910\" src=\"http:\/\/szarvaskoo.hu\/wp-content\/uploads\/2020\/07\/Erseki-pincerendszer.jpg\" alt=\"FEATURE 2\" srcset=\"http:\/\/szarvaskoo.hu\/wp-content\/uploads\/2020\/07\/Erseki-pincerendszer.jpg 500w, http:\/\/szarvaskoo.hu\/wp-content\/uploads\/2020\/07\/Erseki-pincerendszer-300x300.jpg 300w, http:\/\/szarvaskoo.hu\/wp-content\/uploads\/2020\/07\/Erseki-pincerendszer-150x150.jpg 150w\" sizes=\"(max-width: 500px) 100vw, 500px\" \/><\/div><div class=\"ugb-feature-grid__content\"><h5 class=\"ugb-feature-grid__title\"><a href=\"http:\/\/idoalagut.hu\/\" target=\"_blank\" rel=\"noreferrer noopener\">Town Under the Town<\/a><\/h5><\/div><\/div><\/div><\/div><\/div>\n\n\n\n<p><\/p>","protected":false},"excerpt":{"rendered":"<p>l\u00e1tnival\u00f3k a vend\u00e9gh\u00e1zhoz k\u00f6zel l\u00e9v\u0151 l\u00e1tv\u00e1nyoss\u00e1gok<\/p>","protected":false},"author":1,"featured_media":0,"parent":0,"menu_order":0,"comment_status":"closed","ping_status":"closed","template":"","meta":{"ghostkit_customizer_options":"","ghostkit_custom_css":"","ghostkit_custom_js_head":"","ghostkit_custom_js_foot":"","ghostkit_typography":""},"featured_image_urls":{"full":"","thumbnail":"","medium":"","medium_large":"","large":"","1536x1536":"","2048x2048":"","trp-custom-language-flag":"","awb_sm":"","awb_md":"","awb_lg":"","awb_xl":"","latte-blogposts":""},"post_excerpt_stackable":"<p>l\u00e1tnival\u00f3k a vend\u00e9gh\u00e1zhoz k\u00f6zel l\u00e9v\u0151 l\u00e1tv\u00e1nyoss\u00e1gok MinaretEgri v\u00e1r Siroki v\u00e1rG\u00e1rdonyi G\u00e9za eml\u00e9km\u00fazeum Dob\u00f3 Istv\u00e1n v\u00e1rm\u00fazeum\u00c9rseki pincerendszer<\/p>\n","category_list":"","author_info":{"name":"stumpfpeti","url":"http:\/\/szarvaskoo.hu\/en\/author\/stumpfpeti\/"},"comments_num":"0 comments","uagb_featured_image_src":{"full":false,"thumbnail":false,"medium":false,"medium_large":false,"large":false,"1536x1536":false,"2048x2048":false,"trp-custom-language-flag":false,"awb_sm":false,"awb_md":false,"awb_lg":false,"awb_xl":false,"latte-blogposts":false},"uagb_author_info":{"display_name":"stumpfpeti","author_link":"http:\/\/szarvaskoo.hu\/en\/author\/stumpfpeti\/"},"uagb_comment_info":0,"uagb_excerpt":"l\u00e1tnival\u00f3k a vend\u00e9gh\u00e1zhoz k\u00f6zel l\u00e9v\u0151 l\u00e1tv\u00e1nyoss\u00e1gok","yoast_head":"<!-- This site is optimized with the Yoast SEO plugin v15.8 - https:\/\/yoast.com\/wordpress\/plugins\/seo\/ -->\n<title>L\u00e1tnival\u00f3k - Sz\u00e9r\u0171skert vend\u00e9gh\u00e1z<\/title>\n<meta name=\"description\" content=\"K\u00f6zvetlen k\u00f6rnyezet\u00fcnkben megtekinthet\u0151 l\u00e1tnival\u00f3k: Egri minaret, Egri v\u00e1r, \u00c9rseki pincerendszer, Siroki v\u00e1r.\" \/>\n<meta name=\"robots\" content=\"index, follow, max-snippet:-1, max-image-preview:large, max-video-preview:-1\" \/>\n<link rel=\"canonical\" href=\"http:\/\/szarvaskoo.hu\/en\/latnivalok\/\" \/>\n<meta property=\"og:locale\" content=\"en_GB\" \/>\n<meta property=\"og:type\" content=\"article\" \/>\n<meta property=\"og:title\" content=\"L\u00e1tnival\u00f3k - Sz\u00e9r\u0171skert vend\u00e9gh\u00e1z\" \/>\n<meta property=\"og:description\" content=\"K\u00f6zvetlen k\u00f6rnyezet\u00fcnkben megtekinthet\u0151 l\u00e1tnival\u00f3k: Egri minaret, Egri v\u00e1r, \u00c9rseki pincerendszer, Siroki v\u00e1r.\" \/>\n<meta property=\"og:url\" content=\"http:\/\/szarvaskoo.hu\/en\/latnivalok\/\" \/>\n<meta property=\"og:site_name\" content=\"Sz\u00e9r\u0171skert vend\u00e9gh\u00e1z\" \/>\n<meta property=\"article:modified_time\" content=\"2020-07-27T14:23:17+00:00\" \/>\n<meta property=\"og:image\" content=\"http:\/\/szarvaskoo.hu\/wp-content\/uploads\/2020\/06\/Minaret-Eger.jpg\" \/>\n<meta name=\"twitter:card\" content=\"summary_large_image\" \/>\n<script type=\"application\/ld+json\" class=\"yoast-schema-graph\">{\"@context\":\"https:\/\/schema.org\",\"@graph\":[{\"@type\":\"WebSite\",\"@id\":\"http:\/\/szarvaskoo.hu\/#website\",\"url\":\"http:\/\/szarvaskoo.hu\/\",\"name\":\"Sz\\u00e9r\\u0171skert vend\\u00e9gh\\u00e1z\",\"description\":\"\\u201e Csal\\u00e1di \\u00fcd\\u00fcl\\u00e9s a B\\u00fckkben, romantikus erdei k\\u00f6rnyezetben \\u201d\",\"potentialAction\":[{\"@type\":\"SearchAction\",\"target\":\"http:\/\/szarvaskoo.hu\/?s={search_term_string}\",\"query-input\":\"required name=search_term_string\"}],\"inLanguage\":\"en-GB\"},{\"@type\":\"ImageObject\",\"@id\":\"http:\/\/szarvaskoo.hu\/latnivalok\/#primaryimage\",\"inLanguage\":\"en-GB\",\"url\":\"http:\/\/szarvaskoo.hu\/wp-content\/uploads\/2020\/06\/Minaret-Eger.jpg\",\"width\":500,\"height\":500},{\"@type\":\"WebPage\",\"@id\":\"http:\/\/szarvaskoo.hu\/latnivalok\/#webpage\",\"url\":\"http:\/\/szarvaskoo.hu\/latnivalok\/\",\"name\":\"L\\u00e1tnival\\u00f3k - Sz\\u00e9r\\u0171skert vend\\u00e9gh\\u00e1z\",\"isPartOf\":{\"@id\":\"http:\/\/szarvaskoo.hu\/#website\"},\"primaryImageOfPage\":{\"@id\":\"http:\/\/szarvaskoo.hu\/latnivalok\/#primaryimage\"},\"datePublished\":\"2020-06-23T10:27:17+00:00\",\"dateModified\":\"2020-07-27T14:23:17+00:00\",\"description\":\"K\\u00f6zvetlen k\\u00f6rnyezet\\u00fcnkben megtekinthet\\u0151 l\\u00e1tnival\\u00f3k: Egri minaret, Egri v\\u00e1r, \\u00c9rseki pincerendszer, Siroki v\\u00e1r.\",\"breadcrumb\":{\"@id\":\"http:\/\/szarvaskoo.hu\/latnivalok\/#breadcrumb\"},\"inLanguage\":\"en-GB\",\"potentialAction\":[{\"@type\":\"ReadAction\",\"target\":[\"http:\/\/szarvaskoo.hu\/latnivalok\/\"]}]},{\"@type\":\"BreadcrumbList\",\"@id\":\"http:\/\/szarvaskoo.hu\/latnivalok\/#breadcrumb\",\"itemListElement\":[{\"@type\":\"ListItem\",\"position\":1,\"item\":{\"@type\":\"WebPage\",\"@id\":\"http:\/\/szarvaskoo.hu\/\",\"url\":\"http:\/\/szarvaskoo.hu\/\",\"name\":\"Home\"}},{\"@type\":\"ListItem\",\"position\":2,\"item\":{\"@type\":\"WebPage\",\"@id\":\"http:\/\/szarvaskoo.hu\/latnivalok\/\",\"url\":\"http:\/\/szarvaskoo.hu\/latnivalok\/\",\"name\":\"L\\u00e1tnival\\u00f3k\"}}]}]}<\/script>\n<!-- \/ Yoast SEO plugin. -->","_links":{"self":[{"href":"http:\/\/szarvaskoo.hu\/en\/wp-json\/wp\/v2\/pages\/795"}],"collection":[{"href":"http:\/\/szarvaskoo.hu\/en\/wp-json\/wp\/v2\/pages"}],"about":[{"href":"http:\/\/szarvaskoo.hu\/en\/wp-json\/wp\/v2\/types\/page"}],"author":[{"embeddable":true,"href":"http:\/\/szarvaskoo.hu\/en\/wp-json\/wp\/v2\/users\/1"}],"replies":[{"embeddable":true,"href":"http:\/\/szarvaskoo.hu\/en\/wp-json\/wp\/v2\/comments?post=795"}],"version-history":[{"count":41,"href":"http:\/\/szarvaskoo.hu\/en\/wp-json\/wp\/v2\/pages\/795\/revisions"}],"predecessor-version":[{"id":1298,"href":"http:\/\/szarvaskoo.hu\/en\/wp-json\/wp\/v2\/pages\/795\/revisions\/1298"}],"wp:attachment":[{"href":"http:\/\/szarvaskoo.hu\/en\/wp-json\/wp\/v2\/media?parent=795"}],"curies":[{"name":"wp","href":"https:\/\/api.w.org\/{rel}","templated":true}]}}