{"id":8,"date":"2020-06-09T06:28:05","date_gmt":"2020-06-09T06:28:05","guid":{"rendered":"http:\/\/localhost\/?page_id=8"},"modified":"2021-02-22T12:50:54","modified_gmt":"2021-02-22T12:50:54","slug":"foglaljon-most","status":"publish","type":"page","link":"http:\/\/szarvaskoo.hu\/en\/","title":{"rendered":"Foglaljon most!"},"content":{"rendered":"","protected":false},"excerpt":{"rendered":"","protected":false},"author":1,"featured_media":0,"parent":0,"menu_order":0,"comment_status":"closed","ping_status":"closed","template":"template-home.php","meta":{"ghostkit_customizer_options":"","ghostkit_custom_css":"","ghostkit_custom_js_head":"","ghostkit_custom_js_foot":"","ghostkit_typography":""},"featured_image_urls":{"full":"","thumbnail":"","medium":"","medium_large":"","large":"","1536x1536":"","2048x2048":"","trp-custom-language-flag":"","awb_sm":"","awb_md":"","awb_lg":"","awb_xl":"","latte-blogposts":""},"post_excerpt_stackable":"","category_list":"","author_info":{"name":"stumpfpeti","url":"http:\/\/szarvaskoo.hu\/en\/author\/stumpfpeti\/"},"comments_num":"0 comments","uagb_featured_image_src":{"full":false,"thumbnail":false,"medium":false,"medium_large":false,"large":false,"1536x1536":false,"2048x2048":false,"trp-custom-language-flag":false,"awb_sm":false,"awb_md":false,"awb_lg":false,"awb_xl":false,"latte-blogposts":false},"uagb_author_info":{"display_name":"stumpfpeti","author_link":"http:\/\/szarvaskoo.hu\/en\/author\/stumpfpeti\/"},"uagb_comment_info":0,"uagb_excerpt":null,"yoast_head":"<!-- This site is optimized with the Yoast SEO plugin v15.8 - https:\/\/yoast.com\/wordpress\/plugins\/seo\/ -->\n<title>Foglaljon most! - Sz\u00e9r\u0171skert vend\u00e9gh\u00e1z<\/title>\n<meta name=\"description\" content=\"A Vend\u00e9gh\u00e1zat falusi turizmust kedvel\u0151 gyermekes csal\u00e1doknak, bar\u00e1ti t\u00e1rsas\u00e1goknak, term\u00e9szetkedvel\u0151knek aj\u00e1nljuk.\" \/>\n<meta name=\"robots\" content=\"index, follow, max-snippet:-1, max-image-preview:large, max-video-preview:-1\" \/>\n<link rel=\"canonical\" href=\"http:\/\/szarvaskoo.hu\/en\/\" \/>\n<meta property=\"og:locale\" content=\"en_GB\" \/>\n<meta property=\"og:type\" content=\"article\" \/>\n<meta property=\"og:title\" content=\"Foglaljon most! - Sz\u00e9r\u0171skert vend\u00e9gh\u00e1z\" \/>\n<meta property=\"og:description\" content=\"A Vend\u00e9gh\u00e1zat falusi turizmust kedvel\u0151 gyermekes csal\u00e1doknak, bar\u00e1ti t\u00e1rsas\u00e1goknak, term\u00e9szetkedvel\u0151knek aj\u00e1nljuk.\" \/>\n<meta property=\"og:url\" content=\"http:\/\/szarvaskoo.hu\/en\/\" \/>\n<meta property=\"og:site_name\" content=\"Sz\u00e9r\u0171skert vend\u00e9gh\u00e1z\" \/>\n<meta property=\"article:modified_time\" content=\"2021-02-22T12:50:54+00:00\" \/>\n<meta name=\"twitter:card\" content=\"summary_large_image\" \/>\n<script type=\"application\/ld+json\" class=\"yoast-schema-graph\">{\"@context\":\"https:\/\/schema.org\",\"@graph\":[{\"@type\":\"WebSite\",\"@id\":\"http:\/\/szarvaskoo.hu\/#website\",\"url\":\"http:\/\/szarvaskoo.hu\/\",\"name\":\"Sz\\u00e9r\\u0171skert vend\\u00e9gh\\u00e1z\",\"description\":\"\\u201e Csal\\u00e1di \\u00fcd\\u00fcl\\u00e9s a B\\u00fckkben, romantikus erdei k\\u00f6rnyezetben \\u201d\",\"potentialAction\":[{\"@type\":\"SearchAction\",\"target\":\"http:\/\/szarvaskoo.hu\/?s={search_term_string}\",\"query-input\":\"required name=search_term_string\"}],\"inLanguage\":\"en-GB\"},{\"@type\":\"WebPage\",\"@id\":\"http:\/\/szarvaskoo.hu\/#webpage\",\"url\":\"http:\/\/szarvaskoo.hu\/\",\"name\":\"Foglaljon most! - Sz\\u00e9r\\u0171skert vend\\u00e9gh\\u00e1z\",\"isPartOf\":{\"@id\":\"http:\/\/szarvaskoo.hu\/#website\"},\"datePublished\":\"2020-06-09T06:28:05+00:00\",\"dateModified\":\"2021-02-22T12:50:54+00:00\",\"description\":\"A Vend\\u00e9gh\\u00e1zat falusi turizmust kedvel\\u0151 gyermekes csal\\u00e1doknak, bar\\u00e1ti t\\u00e1rsas\\u00e1goknak, term\\u00e9szetkedvel\\u0151knek aj\\u00e1nljuk.\",\"breadcrumb\":{\"@id\":\"http:\/\/szarvaskoo.hu\/#breadcrumb\"},\"inLanguage\":\"en-GB\",\"potentialAction\":[{\"@type\":\"ReadAction\",\"target\":[\"http:\/\/szarvaskoo.hu\/\"]}]},{\"@type\":\"BreadcrumbList\",\"@id\":\"http:\/\/szarvaskoo.hu\/#breadcrumb\",\"itemListElement\":[{\"@type\":\"ListItem\",\"position\":1,\"item\":{\"@type\":\"WebPage\",\"@id\":\"http:\/\/szarvaskoo.hu\/\",\"url\":\"http:\/\/szarvaskoo.hu\/\",\"name\":\"Home\"}},{\"@type\":\"ListItem\",\"position\":2,\"item\":{\"@type\":\"WebPage\",\"@id\":\"http:\/\/szarvaskoo.hu\/\",\"url\":\"http:\/\/szarvaskoo.hu\/\",\"name\":\"Foglaljon most!\"}}]}]}<\/script>\n<!-- \/ Yoast SEO plugin. -->","_links":{"self":[{"href":"http:\/\/szarvaskoo.hu\/en\/wp-json\/wp\/v2\/pages\/8"}],"collection":[{"href":"http:\/\/szarvaskoo.hu\/en\/wp-json\/wp\/v2\/pages"}],"about":[{"href":"http:\/\/szarvaskoo.hu\/en\/wp-json\/wp\/v2\/types\/page"}],"author":[{"embeddable":true,"href":"http:\/\/szarvaskoo.hu\/en\/wp-json\/wp\/v2\/users\/1"}],"replies":[{"embeddable":true,"href":"http:\/\/szarvaskoo.hu\/en\/wp-json\/wp\/v2\/comments?post=8"}],"version-history":[{"count":4,"href":"http:\/\/szarvaskoo.hu\/en\/wp-json\/wp\/v2\/pages\/8\/revisions"}],"predecessor-version":[{"id":1419,"href":"http:\/\/szarvaskoo.hu\/en\/wp-json\/wp\/v2\/pages\/8\/revisions\/1419"}],"wp:attachment":[{"href":"http:\/\/szarvaskoo.hu\/en\/wp-json\/wp\/v2\/media?parent=8"}],"curies":[{"name":"wp","href":"https:\/\/api.w.org\/{rel}","templated":true}]}}